{"id":4666,"date":"2021-05-27T09:34:59","date_gmt":"2021-05-27T09:34:59","guid":{"rendered":"http:\/\/proteniscolmenar.com\/?page_id=4666"},"modified":"2021-10-20T10:46:15","modified_gmt":"2021-10-20T10:46:15","slug":"vi-torneo-social-verano-2021","status":"publish","type":"page","link":"https:\/\/proteniscolmenar.com\/?page_id=4666","title":{"rendered":"Resultados VI Torneo Social Verano 2021"},"content":{"rendered":"<p><span class=\"wpm_dropcap\">D<\/span>el 5 al 20 de Junio, PROTENIS COLMENAR organiz\u00f3, despu\u00e9s de un a\u00f1o sin hacer por culpa de la pandemia, el tradicional torneo de verano.<a href=\"http:\/\/proteniscolmenar.com\/wpprotenis\/wp-content\/uploads\/2021\/05\/Cartel_Torneo_Verano_2021.jpg\" target=\"_blank\" rel=\"noopener noreferrer\"><img loading=\"lazy\" decoding=\"async\" class=\"alignright wp-image-4667 size-medium\" src=\"http:\/\/proteniscolmenar.com\/wpprotenis\/wp-content\/uploads\/2021\/05\/Cartel_Torneo_Verano_2021-209x300.jpg\" alt=\"Cartel VI Torneo Social Verano\" width=\"209\" height=\"300\" srcset=\"https:\/\/proteniscolmenar.com\/wpprotenis\/wp-content\/uploads\/2021\/05\/Cartel_Torneo_Verano_2021-209x300.jpg 209w, https:\/\/proteniscolmenar.com\/wpprotenis\/wp-content\/uploads\/2021\/05\/Cartel_Torneo_Verano_2021-768x1103.jpg 768w, https:\/\/proteniscolmenar.com\/wpprotenis\/wp-content\/uploads\/2021\/05\/Cartel_Torneo_Verano_2021-713x1024.jpg 713w, https:\/\/proteniscolmenar.com\/wpprotenis\/wp-content\/uploads\/2021\/05\/Cartel_Torneo_Verano_2021.jpg 854w\" sizes=\"auto, (max-width: 209px) 100vw, 209px\" \/><\/a><\/p>\n<p>Las categor\u00edas:<\/p>\n<ul>\n<li>Benjam\u00edn<\/li>\n<li>Alev\u00edn<\/li>\n<li>Cadete<\/li>\n<li>Absoluto<\/li>\n<\/ul>\n<p>El \u00faltimo d\u00eda, el domingo 20 de Junio, se hizo la <strong>entrega de trofeos<\/strong>\u00a0as\u00ed como el sorteo de material deportivo y\u00a0<strong>camisetas\u00a0<\/strong>para todos los participantes<\/p>\n<p><img loading=\"lazy\" decoding=\"async\" class=\"alignleft wp-image-4775 size-medium\" src=\"http:\/\/proteniscolmenar.com\/wpprotenis\/wp-content\/uploads\/2021\/10\/1633626231471-135x300.jpg\" alt=\"Entrega trofeos Torneo Verano 2021\" width=\"135\" height=\"300\" srcset=\"https:\/\/proteniscolmenar.com\/wpprotenis\/wp-content\/uploads\/2021\/10\/1633626231471-135x300.jpg 135w, https:\/\/proteniscolmenar.com\/wpprotenis\/wp-content\/uploads\/2021\/10\/1633626231471-461x1024.jpg 461w, https:\/\/proteniscolmenar.com\/wpprotenis\/wp-content\/uploads\/2021\/10\/1633626231471.jpg 720w\" sizes=\"auto, (max-width: 135px) 100vw, 135px\" \/><\/p>\n<p>&nbsp;<\/p>\n<p>&nbsp;<\/p>\n<p>&nbsp;<\/p>\n<p>&nbsp;<\/p>\n<p style=\"text-align: right;\"><a href=\"http:\/\/proteniscolmenar.com\/wpprotenis\/wp-content\/uploads\/2016\/06\/Foto02.jpg\" target=\"_blank\" rel=\"noopener noreferrer\">\r\n\t<style type=\"text\/css\">#b5acfd:hover{ color:#FFF; }<\/style>\r\n\t<a class=\"wpm_btn wpm_medium\" id=\"b5acfd\" href=\"https:\/\/www.dropbox.com\/sh\/t5rpdeeikywozbl\/AAA9YTJNIzFoB2G82hcSNHJ2a?dl=0\" target=\"_blank\" title=\"GALERIA DE FOTOS\" style=\"\r\n\t\t\r\n\t\tcolor:#FFF; background-image:url(https:\/\/proteniscolmenar.com\/wpprotenis\/wp-content\/plugins\/WpmShortcodes\/\/editor\/images\/bg_button.png);  background-size:100% 50%; background-color:; \r\n\t\r\n\t\" >GALERIA DE FOTOS<\/a>\r\n\t<\/a><\/p>\n<p>&nbsp;<\/p>\n","protected":false},"excerpt":{"rendered":"<p>el 5 al 20 de Junio, PROTENIS COLMENAR organiz\u00f3, despu\u00e9s de un a\u00f1o sin hacer por culpa de la pandemia, el tradicional torneo de verano. Las categor\u00edas: Benjam\u00edn Alev\u00edn Cadete Absoluto El \u00faltimo d\u00eda, el domingo 20 de Junio, se hizo la entrega de trofeos\u00a0as\u00ed como el sorteo de material deportivo y\u00a0camisetas\u00a0para todos los participantes [&hellip;]<\/p>\n","protected":false},"author":1,"featured_media":0,"parent":0,"menu_order":0,"comment_status":"closed","ping_status":"closed","template":"","meta":{"footnotes":""},"class_list":["post-4666","page","type-page","status-publish","hentry"],"yoast_head":"<!-- This site is optimized with the Yoast SEO plugin v26.4 - https:\/\/yoast.com\/wordpress\/plugins\/seo\/ -->\n<title>Resultados VI Torneo Social Verano 2021 - ProTenis Samaranch Colmenar Viejo<\/title>\n<meta name=\"robots\" content=\"index, follow, max-snippet:-1, max-image-preview:large, max-video-preview:-1\" \/>\n<link rel=\"canonical\" href=\"https:\/\/proteniscolmenar.com\/?page_id=4666\" \/>\n<meta property=\"og:locale\" content=\"es_ES\" \/>\n<meta property=\"og:type\" content=\"article\" \/>\n<meta property=\"og:title\" content=\"Resultados VI Torneo Social Verano 2021 - ProTenis Samaranch Colmenar Viejo\" \/>\n<meta property=\"og:description\" content=\"el 5 al 20 de Junio, PROTENIS COLMENAR organiz\u00f3, despu\u00e9s de un a\u00f1o sin hacer por culpa de la pandemia, el tradicional torneo de verano. Las categor\u00edas: Benjam\u00edn Alev\u00edn Cadete Absoluto El \u00faltimo d\u00eda, el domingo 20 de Junio, se hizo la entrega de trofeos\u00a0as\u00ed como el sorteo de material deportivo y\u00a0camisetas\u00a0para todos los participantes [&hellip;]\" \/>\n<meta property=\"og:url\" content=\"https:\/\/proteniscolmenar.com\/?page_id=4666\" \/>\n<meta property=\"og:site_name\" content=\"ProTenis Samaranch Colmenar Viejo\" \/>\n<meta property=\"article:publisher\" content=\"https:\/\/www.facebook.com\/proteniscolmenar\" \/>\n<meta property=\"article:modified_time\" content=\"2021-10-20T10:46:15+00:00\" \/>\n<meta property=\"og:image\" content=\"http:\/\/proteniscolmenar.com\/wpprotenis\/wp-content\/uploads\/2021\/05\/Cartel_Torneo_Verano_2021-209x300.jpg\" \/>\n<meta name=\"twitter:label1\" content=\"Tiempo de lectura\" \/>\n\t<meta name=\"twitter:data1\" content=\"1 minuto\" \/>\n<script type=\"application\/ld+json\" class=\"yoast-schema-graph\">{\"@context\":\"https:\/\/schema.org\",\"@graph\":[{\"@type\":\"WebPage\",\"@id\":\"https:\/\/proteniscolmenar.com\/?page_id=4666\",\"url\":\"https:\/\/proteniscolmenar.com\/?page_id=4666\",\"name\":\"Resultados VI Torneo Social Verano 2021 - ProTenis Samaranch Colmenar Viejo\",\"isPartOf\":{\"@id\":\"https:\/\/proteniscolmenar.com\/#website\"},\"primaryImageOfPage\":{\"@id\":\"https:\/\/proteniscolmenar.com\/?page_id=4666#primaryimage\"},\"image\":{\"@id\":\"https:\/\/proteniscolmenar.com\/?page_id=4666#primaryimage\"},\"thumbnailUrl\":\"http:\/\/proteniscolmenar.com\/wpprotenis\/wp-content\/uploads\/2021\/05\/Cartel_Torneo_Verano_2021-209x300.jpg\",\"datePublished\":\"2021-05-27T09:34:59+00:00\",\"dateModified\":\"2021-10-20T10:46:15+00:00\",\"breadcrumb\":{\"@id\":\"https:\/\/proteniscolmenar.com\/?page_id=4666#breadcrumb\"},\"inLanguage\":\"es\",\"potentialAction\":[{\"@type\":\"ReadAction\",\"target\":[\"https:\/\/proteniscolmenar.com\/?page_id=4666\"]}]},{\"@type\":\"ImageObject\",\"inLanguage\":\"es\",\"@id\":\"https:\/\/proteniscolmenar.com\/?page_id=4666#primaryimage\",\"url\":\"https:\/\/proteniscolmenar.com\/wpprotenis\/wp-content\/uploads\/2021\/05\/Cartel_Torneo_Verano_2021.jpg\",\"contentUrl\":\"https:\/\/proteniscolmenar.com\/wpprotenis\/wp-content\/uploads\/2021\/05\/Cartel_Torneo_Verano_2021.jpg\",\"width\":854,\"height\":1227,\"caption\":\"Cartel VI Torneo Social Verano\"},{\"@type\":\"BreadcrumbList\",\"@id\":\"https:\/\/proteniscolmenar.com\/?page_id=4666#breadcrumb\",\"itemListElement\":[{\"@type\":\"ListItem\",\"position\":1,\"name\":\"Portada\",\"item\":\"https:\/\/proteniscolmenar.com\/\"},{\"@type\":\"ListItem\",\"position\":2,\"name\":\"Resultados VI Torneo Social Verano 2021\"}]},{\"@type\":\"WebSite\",\"@id\":\"https:\/\/proteniscolmenar.com\/#website\",\"url\":\"https:\/\/proteniscolmenar.com\/\",\"name\":\"ProTenis Samaranch Colmenar Viejo\",\"description\":\"Escuela de Tenis\",\"publisher\":{\"@id\":\"https:\/\/proteniscolmenar.com\/#organization\"},\"potentialAction\":[{\"@type\":\"SearchAction\",\"target\":{\"@type\":\"EntryPoint\",\"urlTemplate\":\"https:\/\/proteniscolmenar.com\/?s={search_term_string}\"},\"query-input\":{\"@type\":\"PropertyValueSpecification\",\"valueRequired\":true,\"valueName\":\"search_term_string\"}}],\"inLanguage\":\"es\"},{\"@type\":\"Organization\",\"@id\":\"https:\/\/proteniscolmenar.com\/#organization\",\"name\":\"Protenis Colmenar\",\"url\":\"https:\/\/proteniscolmenar.com\/\",\"logo\":{\"@type\":\"ImageObject\",\"inLanguage\":\"es\",\"@id\":\"https:\/\/proteniscolmenar.com\/#\/schema\/logo\/image\/\",\"url\":\"http:\/\/proteniscolmenar.com\/wpprotenis\/wp-content\/uploads\/2015\/04\/logo_proteniscolmenar1.png\",\"contentUrl\":\"http:\/\/proteniscolmenar.com\/wpprotenis\/wp-content\/uploads\/2015\/04\/logo_proteniscolmenar1.png\",\"width\":371,\"height\":120,\"caption\":\"Protenis Colmenar\"},\"image\":{\"@id\":\"https:\/\/proteniscolmenar.com\/#\/schema\/logo\/image\/\"},\"sameAs\":[\"https:\/\/www.facebook.com\/proteniscolmenar\",\"https:\/\/x.com\/proteniscv\"]}]}<\/script>\n<!-- \/ Yoast SEO plugin. -->","yoast_head_json":{"title":"Resultados VI Torneo Social Verano 2021 - ProTenis Samaranch Colmenar Viejo","robots":{"index":"index","follow":"follow","max-snippet":"max-snippet:-1","max-image-preview":"max-image-preview:large","max-video-preview":"max-video-preview:-1"},"canonical":"https:\/\/proteniscolmenar.com\/?page_id=4666","og_locale":"es_ES","og_type":"article","og_title":"Resultados VI Torneo Social Verano 2021 - ProTenis Samaranch Colmenar Viejo","og_description":"el 5 al 20 de Junio, PROTENIS COLMENAR organiz\u00f3, despu\u00e9s de un a\u00f1o sin hacer por culpa de la pandemia, el tradicional torneo de verano. Las categor\u00edas: Benjam\u00edn Alev\u00edn Cadete Absoluto El \u00faltimo d\u00eda, el domingo 20 de Junio, se hizo la entrega de trofeos\u00a0as\u00ed como el sorteo de material deportivo y\u00a0camisetas\u00a0para todos los participantes [&hellip;]","og_url":"https:\/\/proteniscolmenar.com\/?page_id=4666","og_site_name":"ProTenis Samaranch Colmenar Viejo","article_publisher":"https:\/\/www.facebook.com\/proteniscolmenar","article_modified_time":"2021-10-20T10:46:15+00:00","og_image":[{"url":"http:\/\/proteniscolmenar.com\/wpprotenis\/wp-content\/uploads\/2021\/05\/Cartel_Torneo_Verano_2021-209x300.jpg","type":"","width":"","height":""}],"twitter_misc":{"Tiempo de lectura":"1 minuto"},"schema":{"@context":"https:\/\/schema.org","@graph":[{"@type":"WebPage","@id":"https:\/\/proteniscolmenar.com\/?page_id=4666","url":"https:\/\/proteniscolmenar.com\/?page_id=4666","name":"Resultados VI Torneo Social Verano 2021 - ProTenis Samaranch Colmenar Viejo","isPartOf":{"@id":"https:\/\/proteniscolmenar.com\/#website"},"primaryImageOfPage":{"@id":"https:\/\/proteniscolmenar.com\/?page_id=4666#primaryimage"},"image":{"@id":"https:\/\/proteniscolmenar.com\/?page_id=4666#primaryimage"},"thumbnailUrl":"http:\/\/proteniscolmenar.com\/wpprotenis\/wp-content\/uploads\/2021\/05\/Cartel_Torneo_Verano_2021-209x300.jpg","datePublished":"2021-05-27T09:34:59+00:00","dateModified":"2021-10-20T10:46:15+00:00","breadcrumb":{"@id":"https:\/\/proteniscolmenar.com\/?page_id=4666#breadcrumb"},"inLanguage":"es","potentialAction":[{"@type":"ReadAction","target":["https:\/\/proteniscolmenar.com\/?page_id=4666"]}]},{"@type":"ImageObject","inLanguage":"es","@id":"https:\/\/proteniscolmenar.com\/?page_id=4666#primaryimage","url":"https:\/\/proteniscolmenar.com\/wpprotenis\/wp-content\/uploads\/2021\/05\/Cartel_Torneo_Verano_2021.jpg","contentUrl":"https:\/\/proteniscolmenar.com\/wpprotenis\/wp-content\/uploads\/2021\/05\/Cartel_Torneo_Verano_2021.jpg","width":854,"height":1227,"caption":"Cartel VI Torneo Social Verano"},{"@type":"BreadcrumbList","@id":"https:\/\/proteniscolmenar.com\/?page_id=4666#breadcrumb","itemListElement":[{"@type":"ListItem","position":1,"name":"Portada","item":"https:\/\/proteniscolmenar.com\/"},{"@type":"ListItem","position":2,"name":"Resultados VI Torneo Social Verano 2021"}]},{"@type":"WebSite","@id":"https:\/\/proteniscolmenar.com\/#website","url":"https:\/\/proteniscolmenar.com\/","name":"ProTenis Samaranch Colmenar Viejo","description":"Escuela de Tenis","publisher":{"@id":"https:\/\/proteniscolmenar.com\/#organization"},"potentialAction":[{"@type":"SearchAction","target":{"@type":"EntryPoint","urlTemplate":"https:\/\/proteniscolmenar.com\/?s={search_term_string}"},"query-input":{"@type":"PropertyValueSpecification","valueRequired":true,"valueName":"search_term_string"}}],"inLanguage":"es"},{"@type":"Organization","@id":"https:\/\/proteniscolmenar.com\/#organization","name":"Protenis Colmenar","url":"https:\/\/proteniscolmenar.com\/","logo":{"@type":"ImageObject","inLanguage":"es","@id":"https:\/\/proteniscolmenar.com\/#\/schema\/logo\/image\/","url":"http:\/\/proteniscolmenar.com\/wpprotenis\/wp-content\/uploads\/2015\/04\/logo_proteniscolmenar1.png","contentUrl":"http:\/\/proteniscolmenar.com\/wpprotenis\/wp-content\/uploads\/2015\/04\/logo_proteniscolmenar1.png","width":371,"height":120,"caption":"Protenis Colmenar"},"image":{"@id":"https:\/\/proteniscolmenar.com\/#\/schema\/logo\/image\/"},"sameAs":["https:\/\/www.facebook.com\/proteniscolmenar","https:\/\/x.com\/proteniscv"]}]}},"_links":{"self":[{"href":"https:\/\/proteniscolmenar.com\/index.php?rest_route=\/wp\/v2\/pages\/4666","targetHints":{"allow":["GET"]}}],"collection":[{"href":"https:\/\/proteniscolmenar.com\/index.php?rest_route=\/wp\/v2\/pages"}],"about":[{"href":"https:\/\/proteniscolmenar.com\/index.php?rest_route=\/wp\/v2\/types\/page"}],"author":[{"embeddable":true,"href":"https:\/\/proteniscolmenar.com\/index.php?rest_route=\/wp\/v2\/users\/1"}],"replies":[{"embeddable":true,"href":"https:\/\/proteniscolmenar.com\/index.php?rest_route=%2Fwp%2Fv2%2Fcomments&post=4666"}],"version-history":[{"count":17,"href":"https:\/\/proteniscolmenar.com\/index.php?rest_route=\/wp\/v2\/pages\/4666\/revisions"}],"predecessor-version":[{"id":4780,"href":"https:\/\/proteniscolmenar.com\/index.php?rest_route=\/wp\/v2\/pages\/4666\/revisions\/4780"}],"wp:attachment":[{"href":"https:\/\/proteniscolmenar.com\/index.php?rest_route=%2Fwp%2Fv2%2Fmedia&parent=4666"}],"curies":[{"name":"wp","href":"https:\/\/api.w.org\/{rel}","templated":true}]}}